{"id":7007,"date":"2023-10-04T19:42:45","date_gmt":"2023-10-04T15:42:45","guid":{"rendered":"https:\/\/frolic.mu\/?page_id=7007"},"modified":"2023-10-04T19:42:46","modified_gmt":"2023-10-04T15:42:46","slug":"a-propos-de-nous","status":"publish","type":"page","link":"https:\/\/frolic.mu\/fr\/about-us\/","title":{"rendered":"\u00c0 propos de nous"},"content":{"rendered":"","protected":false},"excerpt":{"rendered":"<p>Frolic est votre navigateur de confiance sur cette \u00eele enchanteresse ! Notre objectif est de vous aider \u00e0 d\u00e9couvrir ses tr\u00e9sors cach\u00e9s, \u00e0 trouver des informations utiles, \u00e0 \u00e9tablir des liens significatifs et \u00e0 cr\u00e9er des souvenirs inoubliables. D\u00e9couvrez-en plus sur cette page.<\/p>","protected":false},"author":1,"featured_media":0,"parent":0,"menu_order":0,"comment_status":"closed","ping_status":"closed","template":"","meta":{"om_disable_all_campaigns":false,"_monsterinsights_skip_tracking":false,"_monsterinsights_sitenote_active":false,"_monsterinsights_sitenote_note":"","_monsterinsights_sitenote_category":0,"footnotes":""},"class_list":["post-7007","page","type-page","status-publish","hentry"],"aioseo_notices":[],"_links":{"self":[{"href":"https:\/\/frolic.mu\/fr\/wp-json\/wp\/v2\/pages\/7007","targetHints":{"allow":["GET"]}}],"collection":[{"href":"https:\/\/frolic.mu\/fr\/wp-json\/wp\/v2\/pages"}],"about":[{"href":"https:\/\/frolic.mu\/fr\/wp-json\/wp\/v2\/types\/page"}],"author":[{"embeddable":true,"href":"https:\/\/frolic.mu\/fr\/wp-json\/wp\/v2\/users\/1"}],"replies":[{"embeddable":true,"href":"https:\/\/frolic.mu\/fr\/wp-json\/wp\/v2\/comments?post=7007"}],"version-history":[{"count":2,"href":"https:\/\/frolic.mu\/fr\/wp-json\/wp\/v2\/pages\/7007\/revisions"}],"predecessor-version":[{"id":7009,"href":"https:\/\/frolic.mu\/fr\/wp-json\/wp\/v2\/pages\/7007\/revisions\/7009"}],"wp:attachment":[{"href":"https:\/\/frolic.mu\/fr\/wp-json\/wp\/v2\/media?parent=7007"}],"curies":[{"name":"wp","href":"https:\/\/api.w.org\/{rel}","templated":true}]}}