{"id":4645,"date":"2023-08-01T16:48:32","date_gmt":"2023-08-01T12:48:32","guid":{"rendered":"https:\/\/frolic.mu\/?page_id=4645"},"modified":"2023-10-20T16:28:37","modified_gmt":"2023-10-20T12:28:37","slug":"publicite","status":"publish","type":"page","link":"https:\/\/frolic.mu\/fr\/advertising\/","title":{"rendered":"Publicit\u00e9"},"content":{"rendered":"<div data-elementor-type=\"wp-page\" data-elementor-id=\"4645\" class=\"elementor elementor-4645\" data-elementor-post-type=\"page\">\r\n\t\t\t\t\t\t<section class=\"elementor-section elementor-top-section elementor-element elementor-element-49f4914 elementor-section-boxed elementor-section-height-default elementor-section-height-default\" data-id=\"49f4914\" data-element_type=\"section\">\r\n\t\t\t\t\t\t<div class=\"elementor-container elementor-column-gap-default\">\r\n\t\t\t\t\t<div class=\"elementor-column elementor-col-100 elementor-top-column elementor-element elementor-element-ff58d6e\" data-id=\"ff58d6e\" data-element_type=\"column\">\r\n\t\t\t<div class=\"elementor-widget-wrap elementor-element-populated\">\r\n\t\t\t\t\t\t<div class=\"elementor-element elementor-element-3224c63 elementor-widget elementor-widget-spacer\" data-id=\"3224c63\" data-element_type=\"widget\" data-widget_type=\"spacer.default\">\r\n\t\t\t\t<div class=\"elementor-widget-container\">\r\n\t\t\t\t\t\t\t<div class=\"elementor-spacer\">\r\n\t\t\t<div class=\"elementor-spacer-inner\"><\/div>\r\n\t\t<\/div>\r\n\t\t\t\t\t\t<\/div>\r\n\t\t\t\t<\/div>\r\n\t\t\t\t<div class=\"elementor-element elementor-element-91cb7a0 elementor-widget elementor-widget-heading\" data-id=\"91cb7a0\" data-element_type=\"widget\" data-widget_type=\"heading.default\">\r\n\t\t\t\t<div class=\"elementor-widget-container\">\r\n\t\t\t\t\t<h1 class=\"elementor-heading-title elementor-size-default\">Publicit\u00e9<\/h1>\t\t\t\t<\/div>\r\n\t\t\t\t<\/div>\r\n\t\t\t\t<div class=\"elementor-element elementor-element-e8e9188 elementor-widget elementor-widget-spacer\" data-id=\"e8e9188\" data-element_type=\"widget\" data-widget_type=\"spacer.default\">\r\n\t\t\t\t<div class=\"elementor-widget-container\">\r\n\t\t\t\t\t\t\t<div class=\"elementor-spacer\">\r\n\t\t\t<div class=\"elementor-spacer-inner\"><\/div>\r\n\t\t<\/div>\r\n\t\t\t\t\t\t<\/div>\r\n\t\t\t\t<\/div>\r\n\t\t\t\t<div class=\"elementor-element elementor-element-5aed856 elementor-widget elementor-widget-text-editor\" data-id=\"5aed856\" data-element_type=\"widget\" data-widget_type=\"text-editor.default\">\r\n\t\t\t\t<div class=\"elementor-widget-container\">\r\n\t\t\t\t\t\t\t\t\t<div class=\"group w-full text-gray-800 dark:text-gray-100 border-b border-black\/10 dark:border-gray-900\/50 bg-gray-50 dark:bg-[#444654]\"><div class=\"flex p-4 gap-4 text-base md:gap-6 md:max-w-2xl lg:max-w-[38rem] xl:max-w-3xl md:py-6 lg:px-0 m-auto\"><div class=\"relative flex w-[calc(100%-50px)] flex-col gap-1 md:gap-3 lg:w-[calc(100%-115px)]\"><div class=\"flex flex-grow flex-col gap-3\"><div class=\"min-h-[20px] flex items-start overflow-x-auto whitespace-pre-wrap break-words\"><div class=\"markdown prose w-full break-words dark:prose-invert light\"><p><strong>Frolic est une plateforme de publications et d&#039;\u00e9v\u00e9nements de style de vie en ligne \u00e0 croissance rapide bas\u00e9e \u00e0 Maurice. Nous organisons des rencontres et publions du contenu de style de vie sur notre site Web, notre newsletter et nos plateformes de m\u00e9dias sociaux, favorisant ainsi une communaut\u00e9 dynamique d&#039;abonn\u00e9s qui attendent avec impatience nos newsletters hebdomadaires et les lecteurs fr\u00e9quents de notre site Web. Nos abonn\u00e9s d\u00e9vou\u00e9s comprennent \u00e0 la fois des locaux et des expatri\u00e9s vivant \u00e0 Maurice.<\/strong><\/p><\/div><\/div><\/div><\/div><\/div><\/div>\t\t\t\t\t\t\t\t<\/div>\r\n\t\t\t\t<\/div>\r\n\t\t\t\t<div class=\"elementor-element elementor-element-13a1ce8 elementor-widget elementor-widget-spacer\" data-id=\"13a1ce8\" data-element_type=\"widget\" data-widget_type=\"spacer.default\">\r\n\t\t\t\t<div class=\"elementor-widget-container\">\r\n\t\t\t\t\t\t\t<div class=\"elementor-spacer\">\r\n\t\t\t<div class=\"elementor-spacer-inner\"><\/div>\r\n\t\t<\/div>\r\n\t\t\t\t\t\t<\/div>\r\n\t\t\t\t<\/div>\r\n\t\t\t\t<div class=\"elementor-element elementor-element-00d310b elementor-widget elementor-widget-heading\" data-id=\"00d310b\" data-element_type=\"widget\" data-widget_type=\"heading.default\">\r\n\t\t\t\t<div class=\"elementor-widget-container\">\r\n\t\t\t\t\t<h2 class=\"elementor-heading-title elementor-size-default\">POURQUOI INVESTIR VOS EFFORTS MARKETING AVEC NOUS\u00a0?<\/h2>\t\t\t\t<\/div>\r\n\t\t\t\t<\/div>\r\n\t\t\t\t<div class=\"elementor-element elementor-element-6f7cb93 elementor-widget elementor-widget-text-editor\" data-id=\"6f7cb93\" data-element_type=\"widget\" data-widget_type=\"text-editor.default\">\r\n\t\t\t\t<div class=\"elementor-widget-container\">\r\n\t\t\t\t\t\t\t\t\t<div><div><div><div><div><div><p><strong>Port\u00e9e impressionnante<br \/><\/strong>Notre plateforme compte chaque mois une communaut\u00e9 en constante expansion de lecteurs avertis. De plus, nous avons nourri un groupe engag\u00e9 de voix actives sur nos r\u00e9seaux sociaux.<\/p><p><strong>Public de qualit\u00e9<\/strong><br \/>Nos lecteurs exigeants sont fiers d&#039;\u00eatre bien inform\u00e9s et sont les premiers \u00e0 adopter les tendances en mati\u00e8re d&#039;alimentation, de mode, de sant\u00e9, de beaut\u00e9, de voyage, de design, de d\u00e9coration d&#039;int\u00e9rieur et de produits pour enfants.<\/p><p><strong>Pouvoir d&#039;achat<\/strong><br \/>Avec un m\u00e9lange diversifi\u00e9 de lecteurs expatri\u00e9s et locaux, notre public poss\u00e8de des revenus disponibles consid\u00e9rables et investit avec enthousiasme dans la maison, la mode, la beaut\u00e9, le fitness, les voyages et les besoins des enfants. De plus, ces lecteurs avant-gardistes sont des consommateurs exigeants, toujours d\u00e9sireux de partager leurs nouveaux produits et services avec les autres.<\/p><p><strong>Contenu \u00e9ditorial respect\u00e9 <\/strong><br \/>Notre contenu \u00e9ditorial ind\u00e9pendant a attir\u00e9 un public remarquablement fid\u00e8le et fort.\u00a0<\/p><p><strong>Puissantes opportunit\u00e9s de publicit\u00e9 et de publi-reportage\u00a0:<\/strong><br \/>Collaborer avec les clients est une passion pour nous alors que nous nous effor\u00e7ons de cr\u00e9er des voies puissantes, dynamiques et inattendues pour pr\u00e9senter \u00e0 nos lecteurs de nouveaux produits et services. Nous adaptons nos services pr\u00e9cis\u00e9ment \u00e0 vos d\u00e9sirs et exigences, garantissant un voyage agr\u00e9able tout au long du processus.<\/p><p>\u00a0<\/p><p>\u00a0<\/p><\/div><\/div><\/div><\/div><\/div><\/div>\t\t\t\t\t\t\t\t<\/div>\r\n\t\t\t\t<\/div>\r\n\t\t\t\t<div class=\"elementor-element elementor-element-40b027a elementor-widget elementor-widget-heading\" data-id=\"40b027a\" data-element_type=\"widget\" data-widget_type=\"heading.default\">\r\n\t\t\t\t<div class=\"elementor-widget-container\">\r\n\t\t\t\t\t<h2 class=\"elementor-heading-title elementor-size-default\">Entrer en contact!<\/h2>\t\t\t\t<\/div>\r\n\t\t\t\t<\/div>\r\n\t\t\t\t<div class=\"elementor-element elementor-element-c241e4a elementor-widget elementor-widget-text-editor\" data-id=\"c241e4a\" data-element_type=\"widget\" data-widget_type=\"text-editor.default\">\r\n\t\t\t\t<div class=\"elementor-widget-container\">\r\n\t\t\t\t\t\t\t\t\t<p>Contactez-nous en utilisant cet e-mail pour nous faire savoir comment nous pouvons aider votre entreprise : info@frolic.mu. Nous vous r\u00e9pondrons dans les plus brefs d\u00e9lais !<\/p>\t\t\t\t\t\t\t\t<\/div>\r\n\t\t\t\t<\/div>\r\n\t\t\t\t\t<\/div>\r\n\t\t<\/div>\r\n\t\t\t\t\t<\/div>\r\n\t\t<\/section>\r\n\t\t\t\t<section class=\"elementor-section elementor-top-section elementor-element elementor-element-8c0e348 elementor-section-boxed elementor-section-height-default elementor-section-height-default\" data-id=\"8c0e348\" data-element_type=\"section\">\r\n\t\t\t\t\t\t<div class=\"elementor-container elementor-column-gap-default\">\r\n\t\t\t\t\t<div class=\"elementor-column elementor-col-100 elementor-top-column elementor-element elementor-element-b8c4b19\" data-id=\"b8c4b19\" data-element_type=\"column\">\r\n\t\t\t<div class=\"elementor-widget-wrap elementor-element-populated\">\r\n\t\t\t\t\t\t<div class=\"elementor-element elementor-element-c5c1aef elementor-widget elementor-widget-spacer\" data-id=\"c5c1aef\" data-element_type=\"widget\" data-widget_type=\"spacer.default\">\r\n\t\t\t\t<div class=\"elementor-widget-container\">\r\n\t\t\t\t\t\t\t<div class=\"elementor-spacer\">\r\n\t\t\t<div class=\"elementor-spacer-inner\"><\/div>\r\n\t\t<\/div>\r\n\t\t\t\t\t\t<\/div>\r\n\t\t\t\t<\/div>\r\n\t\t\t\t\t<\/div>\r\n\t\t<\/div>\r\n\t\t\t\t\t<\/div>\r\n\t\t<\/section>\r\n\t\t\t\t<\/div>","protected":false},"excerpt":{"rendered":"<p>Advertising Frolic est une plateforme de publications et d'\u00e9v\u00e9nements en ligne sur le style de vie, bas\u00e9e \u00e0 l'\u00eele Maurice, qui conna\u00eet une croissance rapide. Nous organisons des rencontres et publions du contenu lifestyle sur notre site web, notre newsletter et nos plateformes de m\u00e9dias sociaux, [...]<\/p>","protected":false},"author":1,"featured_media":0,"parent":0,"menu_order":0,"comment_status":"closed","ping_status":"closed","template":"elementor_header_footer","meta":{"om_disable_all_campaigns":false,"_monsterinsights_skip_tracking":false,"_monsterinsights_sitenote_active":false,"_monsterinsights_sitenote_note":"","_monsterinsights_sitenote_category":0,"footnotes":""},"class_list":["post-4645","page","type-page","status-publish","hentry"],"aioseo_notices":[],"_links":{"self":[{"href":"https:\/\/frolic.mu\/fr\/wp-json\/wp\/v2\/pages\/4645","targetHints":{"allow":["GET"]}}],"collection":[{"href":"https:\/\/frolic.mu\/fr\/wp-json\/wp\/v2\/pages"}],"about":[{"href":"https:\/\/frolic.mu\/fr\/wp-json\/wp\/v2\/types\/page"}],"author":[{"embeddable":true,"href":"https:\/\/frolic.mu\/fr\/wp-json\/wp\/v2\/users\/1"}],"replies":[{"embeddable":true,"href":"https:\/\/frolic.mu\/fr\/wp-json\/wp\/v2\/comments?post=4645"}],"version-history":[{"count":16,"href":"https:\/\/frolic.mu\/fr\/wp-json\/wp\/v2\/pages\/4645\/revisions"}],"predecessor-version":[{"id":7453,"href":"https:\/\/frolic.mu\/fr\/wp-json\/wp\/v2\/pages\/4645\/revisions\/7453"}],"wp:attachment":[{"href":"https:\/\/frolic.mu\/fr\/wp-json\/wp\/v2\/media?parent=4645"}],"curies":[{"name":"wp","href":"https:\/\/api.w.org\/{rel}","templated":true}]}}