{"id":183,"date":"2022-10-13T17:55:14","date_gmt":"2022-10-13T17:55:14","guid":{"rendered":"https:\/\/frolic.mu\/?page_id=183"},"modified":"2023-10-05T17:51:57","modified_gmt":"2023-10-05T13:51:57","slug":"nous-contacter","status":"publish","type":"page","link":"https:\/\/frolic.mu\/fr\/contact-us\/","title":{"rendered":"Contactez-nous !"},"content":{"rendered":"<div data-elementor-type=\"wp-page\" data-elementor-id=\"183\" class=\"elementor elementor-183\" data-elementor-post-type=\"page\">\r\n\t\t\t\t\t\t<section class=\"elementor-section elementor-top-section elementor-element elementor-element-49f4914 elementor-section-boxed elementor-section-height-default elementor-section-height-default\" data-id=\"49f4914\" data-element_type=\"section\" data-settings=\"{&quot;background_background&quot;:&quot;classic&quot;,&quot;background_motion_fx_motion_fx_scrolling&quot;:&quot;yes&quot;,&quot;background_motion_fx_translateY_effect&quot;:&quot;yes&quot;,&quot;background_motion_fx_translateY_speed&quot;:{&quot;unit&quot;:&quot;px&quot;,&quot;size&quot;:3.899999999999999911182158029987476766109466552734375,&quot;sizes&quot;:[]},&quot;background_motion_fx_translateY_affectedRange&quot;:{&quot;unit&quot;:&quot;%&quot;,&quot;size&quot;:&quot;&quot;,&quot;sizes&quot;:{&quot;start&quot;:0,&quot;end&quot;:100}},&quot;background_motion_fx_devices&quot;:[&quot;desktop&quot;,&quot;tablet&quot;,&quot;mobile&quot;]}\">\r\n\t\t\t\t\t\t<div class=\"elementor-container elementor-column-gap-default\">\r\n\t\t\t\t\t<div class=\"elementor-column elementor-col-100 elementor-top-column elementor-element elementor-element-ff58d6e\" data-id=\"ff58d6e\" data-element_type=\"column\" data-settings=\"{&quot;background_background&quot;:&quot;classic&quot;}\">\r\n\t\t\t<div class=\"elementor-widget-wrap elementor-element-populated\">\r\n\t\t\t\t\t\t<div class=\"elementor-element elementor-element-91cb7a0 elementor-widget elementor-widget-heading\" data-id=\"91cb7a0\" data-element_type=\"widget\" data-widget_type=\"heading.default\">\r\n\t\t\t\t<div class=\"elementor-widget-container\">\r\n\t\t\t\t\t<h1 class=\"elementor-heading-title elementor-size-default\">Contactez-nous !<\/h1>\t\t\t\t<\/div>\r\n\t\t\t\t<\/div>\r\n\t\t\t\t<div class=\"elementor-element elementor-element-8964ea4 elementor-widget elementor-widget-text-editor\" data-id=\"8964ea4\" data-element_type=\"widget\" data-widget_type=\"text-editor.default\">\r\n\t\t\t\t<div class=\"elementor-widget-container\">\r\n\t\t\t\t\t\t\t\t\t<div>\n<ul>\n<li>Vous souhaitez partager un <b>\u00e9v\u00e9nement<\/b>&nbsp;avec nous?<\/li>\n<li>Vous souhaitez \u00e9largir votre port\u00e9e et <b><a href=\"https:\/\/frolic.mu\/fr\/publicite\/\">afficher<\/a><\/b> avec nous?&nbsp;<\/li>\n<li>Avoir un <b>sujet<\/b> que tu aimerais voir sur Frolic ?<\/li>\n<li>Avoir une certaine <b>retour<\/b> partager sur notre plateforme ?<\/li>\n<li>Avoir un <b>poste<\/b> tu aimerais soumettre?<\/li>\n<\/ul>\n<\/div>\n<p><br><\/p>\n<p>Nous sommes ouverts \u00e0 la collaboration\u00a0! Contactez-nous au&nbsp;<span style=\"font-weight: bolder;\">info@frolic.mu<\/span>&nbsp;et nous veillerons \u00e0 r\u00e9pondre dans les plus brefs d\u00e9lais.<b style=\"color: var( --e-global-color-text ); font-family: var( --e-global-typography-text-font-family ), Sans-serif; font-size: 1rem;\"><br><\/b><\/p>\t\t\t\t\t\t\t\t<\/div>\r\n\t\t\t\t<\/div>\r\n\t\t\t\t\t<\/div>\r\n\t\t<\/div>\r\n\t\t\t\t\t<\/div>\r\n\t\t<\/section>\r\n\t\t\t\t<\/div>","protected":false},"excerpt":{"rendered":"<p>Contactez nous ! Vous souhaitez partager un \u00e9v\u00e9nement avec nous ? Vous voulez \u00e9tendre votre port\u00e9e et faire de la publicit\u00e9 avec nous ?  Vous avez un sujet que vous aimeriez voir sur Frolic ? Vous avez des commentaires [...]<\/p>","protected":false},"author":1,"featured_media":0,"parent":0,"menu_order":0,"comment_status":"closed","ping_status":"closed","template":"elementor_header_footer","meta":{"om_disable_all_campaigns":false,"_monsterinsights_skip_tracking":false,"_monsterinsights_sitenote_active":false,"_monsterinsights_sitenote_note":"","_monsterinsights_sitenote_category":0,"footnotes":""},"class_list":["post-183","page","type-page","status-publish","hentry"],"aioseo_notices":[],"_links":{"self":[{"href":"https:\/\/frolic.mu\/fr\/wp-json\/wp\/v2\/pages\/183","targetHints":{"allow":["GET"]}}],"collection":[{"href":"https:\/\/frolic.mu\/fr\/wp-json\/wp\/v2\/pages"}],"about":[{"href":"https:\/\/frolic.mu\/fr\/wp-json\/wp\/v2\/types\/page"}],"author":[{"embeddable":true,"href":"https:\/\/frolic.mu\/fr\/wp-json\/wp\/v2\/users\/1"}],"replies":[{"embeddable":true,"href":"https:\/\/frolic.mu\/fr\/wp-json\/wp\/v2\/comments?post=183"}],"version-history":[{"count":73,"href":"https:\/\/frolic.mu\/fr\/wp-json\/wp\/v2\/pages\/183\/revisions"}],"predecessor-version":[{"id":7125,"href":"https:\/\/frolic.mu\/fr\/wp-json\/wp\/v2\/pages\/183\/revisions\/7125"}],"wp:attachment":[{"href":"https:\/\/frolic.mu\/fr\/wp-json\/wp\/v2\/media?parent=183"}],"curies":[{"name":"wp","href":"https:\/\/api.w.org\/{rel}","templated":true}]}}